{"id":36,"date":"2014-06-19T17:23:38","date_gmt":"2014-06-19T15:23:38","guid":{"rendered":"http:\/\/erik-leuthaeuser.de\/?page_id=36"},"modified":"2026-01-06T11:06:10","modified_gmt":"2026-01-06T10:06:10","slug":"biopresse","status":"publish","type":"page","link":"https:\/\/erik-leuthaeuser.de\/?page_id=36","title":{"rendered":"About"},"content":{"rendered":"<p data-start=\"160\" data-end=\"725\"><strong data-start=\"160\" data-end=\"179\">Erik Leuth\u00e4user<\/strong> ist ein renommierter junger S\u00e4nger, der die deutsche Sprache als auch electronics nutzt, um sein einzigartiges musikalisches Konzept irgendwo zwischen Jazz und Dream Pop umzusetzen. Ehrlich und frei von Klischees, inspiriert von seinen Erfahrungen als junger schwuler Mann in der Gro\u00dfstadt Berlin. Eine weitere Herzensangelegenheit ist die Interpretation weniger oft gespielter Songs des Great American Songbooks &amp; Vocalese. Der Mannheimer Morgen beschreibt ihn als \u00bbgl\u00e4nzenden jungen S\u00e4nger, der als die kommende Stimme im deutschen Jazz gilt.\u00ab<\/p>\n<p data-start=\"727\" data-end=\"1572\">Im Mai 2018 ver\u00f6ffentlichte er sein zweites Studioalbum <em data-start=\"783\" data-end=\"793\">W\u00fcnschen<\/em> beim renommierten Jazz-Label MPS (Edel), das 2020 unter gleichem Namen als Konzertreihe in der Berliner \u201eBar jeder Vernunft\u201c Premiere feierte und zwei Jahre lief. Produziert wurde es vom amerikanischen Bassisten Greg Cohen, unter anderem mit Kurt Rosenwinkel (Gitarre) und Joey Baron (Schlagzeug). In den Jahren 2020, 2021 und 2022 folgten eine Reihe von Duo-Alben mit Wolfgang K\u00f6hler \u2013 mit Repertoire von Irene Kral und Alan Broadbent, dem amerikanischen Komponisten Kent Carlson sowie dem New Yorker S\u00e4nger und Komponisten Ronny Whyte (Mons Records). Im April 2024 erschien Leuth\u00e4users Konzeptalbum <em data-start=\"1399\" data-end=\"1406\">Sucht<\/em> bei Fun in the Church, produziert von Dexter Francis Mason und Wanja Slavin. Im Jahr 2025 folgte darauf eine Nominierung in der Kategorie &#8222;Vokal&#8220; beim Deutschen Jazzpreis. Im Oktober 2025 erschien Leuth\u00e4users aktuelles Album <em>Quality Time in NYC<\/em> bei Double Moon Records. Es wurde im Januar 2026 f\u00fcr den Preis der deutschen Schallplattenkritik nominiert.<\/p>\n<p data-start=\"1574\" data-end=\"2128\">Erik lebt in Berlin und studierte unter anderem bei Judy Niemack am Jazz-Institut Berlin. Dort erwarb er einen Bachelor in Jazzgesang sowie einen Master in Komposition\/Arrangement. Der vielfach ausgezeichnete S\u00e4nger ver\u00f6ffentlichte im November 2015 sein Deb\u00fctalbum <em data-start=\"1850\" data-end=\"1877\">In the Land of Oo-Bla-Dee<\/em> bei Mons Records. Auf diesem sind unter anderem seine eigenen deutschen Vocalese-Texte zu Bebop-Kompositionen und Soli bekannter Jazzmusiker*innen wie Charlie Parker zu h\u00f6ren. Das Album wurde f\u00fcr den Preis der deutschen Schallplattenkritik nominiert.<\/p>\n<p data-start=\"2130\" data-end=\"2804\">Weitere Auszeichnungen: Erste Preise bei der Riga Jazz Stage 2016, Big Sky 2016 in Moskau und der Ella Fitzgerald Vocal Jazz Competition 2018 in Washington D.C. Zweite Preise bei der renommierten Shure Montreux Jazz Voice Competition 2016 (sowie Publikumspreis) und beim Voicingers Contest for Singing Musicians 2017 in Polen. Beim 4. BuJazzO-Kompositionswettbewerb 2022 wurde Leuth\u00e4user in der Kategorie \u201eVokalensemble\u201c ausgezeichnet. Beim Deutschen Jazzpreis 2023 erhielt er als Teil der Queer Cheer Community for \u201cJazz and Improvised Music\u201d den Sonderpreis der Jury. Leuth\u00e4user war einer der f\u00fcnf Artists, die 2024 am Popcamp des Deutschen Musikrats teilnehmen durften.<\/p>\n<p data-start=\"2806\" data-end=\"3197\">Erik sang Background f\u00fcr Quincy Jones, George Benson, Dee Dee Bridgewater und Jacob Collier und nahm Alben mit Jazzlegenden wie Ken Peplowski, Alan Broadbent und Steve LaSpina auf. Au\u00dferdem war er von 2014 bis 2016 S\u00e4nger des Bundesjazzorchesters (BuJazzO). Seit 2017 improvisiert er im Duo mit der in New York lebenden lettischen S\u00e4ngerin Arta J\u0113kabsone (Unit Records\/Irregular Patterns).<\/p>\n<p data-start=\"3199\" data-end=\"3791\">Geboren 1996 in Freital bei Dresden, kam Erik bereits in jungen Jahren durch seinen Vater \u2013 einen studierten Jazzgitarristen und Gitarrenlehrer \u2013 mit Jazz- und Popmusik in Ber\u00fchrung. Er begann in einer Sch\u00fclerband zu singen, erhielt Klavierunterricht und gewann einige lokale Talentwettbewerbe. Er besuchte das S\u00e4chsische Landesgymnasium f\u00fcr Musik \u201eCarl Maria von Weber\u201c, war S\u00e4nger im Landesjugend-Jazzorchester Sachsen und der Dresden Big Band, gewann den Wettbewerb \u201eJugend musiziert\u201c in der Kategorie Pop\/Gesang sowie den zweiten Preis beim Pop- und Jazz-Gesangswettbewerb Finsterwalde. Nach dem Abitur begann er ein Jazzgesangsstudium in Weimar, unter anderem bei Michael Schiefel. 2015 wechselte er an das Jazz-Institut Berlin, 2017 folgte ein Austauschsemester an der Sibelius Academy of Music in Helsinki. Erik spielte mit verschiedenen Ensembles in \u00fcber 30 L\u00e4ndern und tritt regelm\u00e4\u00dfig mit namhaften deutschen und internationalen Musiker*innen in Clubs und auf Festivals in Deutschland auf.<\/p>\n<p data-start=\"4203\" data-end=\"4378\">Er h\u00e4lt einen Lehrauftrag im Fach Vocal Jazz an der Hochschule Osnabr\u00fcck und unterrichtet an Musikschulen in Berlin sowie gelegentlich am Kathmandu Jazz Conservatory in Nepal.<\/p>\n<hr \/>\n<p data-start=\"85\" data-end=\"624\"><strong data-start=\"85\" data-end=\"104\">Erik Leuth\u00e4user<\/strong> is a renowned young singer who uses both the German language and electronics to express his unique musical concept, which lies somewhere between jazz and dream pop. Honest and free of clich\u00e9s, his music is inspired by his experiences as a young gay man in the vibrant city of Berlin. Another passion of his is the interpretation of lesser-known songs from the Great American Songbook and Vocalese. <em data-start=\"513\" data-end=\"532\">Mannheimer Morgen<\/em> describes him as &#8222;a brilliant young singer, regarded as the upcoming voice of German jazz.&#8220;<\/p>\n<p data-start=\"626\" data-end=\"1433\">In May 2018, he released his second studio album <em data-start=\"675\" data-end=\"685\">W\u00fcnschen<\/em> on the prestigious jazz label MPS (Edel), which premiered as a concert series in 2020 at the Berliner &#8222;Bar jeder Vernunft&#8220; and ran for two years. It was produced by American bassist Greg Cohen, with contributions from Kurt Rosenwinkel (guitar) and Joey Baron (drums). In 2020, 2021, and 2022, Erik released a series of duo albums with Wolfgang K\u00f6hler, featuring the repertoire of Irene Kral and Alan Broadbent, American composer Kent Carlson, and New York-based singer and composer Ronny Whyte (Mons Records). In April 2024, Leuth\u00e4user&#8217;s concept album <em data-start=\"1242\" data-end=\"1249\">Sucht<\/em> was released by Fun in the Church, produced by Dexter Francis Mason and Wanja Slavin. In 2025, he was nominated in the &#8222;Vocal&#8220; category at the Deutscher Jazzpreis (German Jazz Award). In October 2025, Leuth\u00e4user&#8217;s current album <em>Quality Time in NYC<\/em> was released on Double Moon Records. In January 2026 it was nominated for the Preis der deutschen Schallplattenkritik (German Record Critics&#8216; Award).<\/p>\n<p data-start=\"1435\" data-end=\"1949\">Erik lives in Berlin and studied with Judy Niemack at the Jazz-Institut Berlin, where he earned a Bachelor&#8217;s degree in Jazz Singing and a Master&#8217;s in Composition\/Arrangement. The highly acclaimed singer released his debut album <em data-start=\"1658\" data-end=\"1685\">In the Land of Oo-Bla-Dee<\/em> in November 2015 on Mons Records. The album features his own German vocalese lyrics to bebop compositions and solos by renowned jazz musicians such as Charlie Parker. It was nominated for the Preis der deutschen Schallplattenkritik (German Record Critics&#8216; Award).<\/p>\n<p data-start=\"1951\" data-end=\"2651\">Other awards include first prizes at the Riga Jazz Stage 2016, Big Sky 2016 in Moscow, and the Ella Fitzgerald Vocal Jazz Competition 2018 in Washington, D.C. He also won second prizes at the prestigious Shure Montreux Jazz Voice Competition 2016 (including the Audience Award) and at the Voicingers Contest for Singing Musicians 2017 in Poland. In 2022, Leuth\u00e4user was awarded in the &#8222;Vocal Ensemble&#8220; category at the 4th BuJazzO Composition Competition. At the Deutscher Jazzpreis 2023, he received the Special Jury Award as part of the Queer Cheer Community for &#8222;Jazz and Improvised Music.&#8220; Leuth\u00e4user was one of five artists selected to participate in the 2024 Popcamp of the Deutscher Musikrat.<\/p>\n<p data-start=\"2653\" data-end=\"3062\">Erik has sung background vocals for Quincy Jones, George Benson, Dee Dee Bridgewater, and Jacob Collier, and has recorded albums with jazz legends such as Ken Peplowski, Alan Broadbent, and Steve LaSpina. From 2014 to 2016, he was a member of the Bundesjazzorchester (BuJazzO). Since 2017, he has been improvising in a duo with New York-based Latvian singer Arta J\u0113kabsone (Unit Records\/Irregular Patterns).<\/p>\n<p data-start=\"3064\" data-end=\"3608\">Born in 1996 in Freital near Dresden, Erik was introduced to jazz and pop music at an early age by his father, a trained jazz guitarist and guitar teacher. He began singing in a school band, took piano lessons, and won several local talent competitions. He attended the S\u00e4chsisches Landesgymnasium f\u00fcr Musik &#8222;Carl Maria von Weber,&#8220; was a singer in the Landesjugend-Jazzorchester Sachsen and the Dresden Big Band, won &#8222;Jugend musiziert&#8220; in the Pop\/Singing category, and earned second place at the Finsterwalde Pop and Jazz Singing Competition. After graduating from high school, he began studying jazz singing in Weimar, including with Michael Schiefel. In 2015, Erik transferred to the Jazz-Institut Berlin and, in 2017, spent an exchange semester at the Sibelius Academy of Music in Helsinki. He has performed with various ensembles in over 30 countries and regularly collaborates with well-known German and international musicians in clubs and at festivals throughout Germany.<\/p>\n<p data-start=\"4047\" data-end=\"4233\">Erik holds a teaching position in Vocal Jazz at the Hochschule Osnabr\u00fcck and also teaches at music schools in Berlin, as well as occasionally at the Kathmandu Jazz Conservatory in Nepal.<\/p>\n<hr \/>\n<p><a href=\"https:\/\/erik-leuthaeuser.de\/wp-content\/uploads\/2014\/06\/Musical-Biography-Erik-Leuth\u00e4user-in-French.pdf\">Musical Biography Erik Leuth\u00e4user in French<\/a><\/p>\n<p><a href=\"https:\/\/erik-leuthaeuser.de\/wp-content\/uploads\/2014\/06\/Musical-Biography-Erik-Leuth\u00e4user-in-Turkish.pdf\">Musical Biography Erik Leuth\u00e4user in Turkish<\/a><\/p>\n<p><a href=\"https:\/\/erik-leuthaeuser.de\/wp-content\/uploads\/2014\/06\/Musical-Biography-Erik-Leuth\u00e4user-in-Polish.pdf\">Musical Biography Erik Leuth\u00e4user in Polish<\/a><\/p>\n","protected":false},"excerpt":{"rendered":"<p>Erik Leuth\u00e4user ist ein renommierter junger S\u00e4nger, der die deutsche Sprache als auch electronics nutzt, um sein einzigartiges musikalisches Konzept irgendwo zwischen Jazz und Dream Pop umzusetzen. Ehrlich und frei von Klischees, inspiriert von seinen Erfahrungen als junger schwuler Mann in der Gro\u00dfstadt Berlin. Eine weitere Herzensangelegenheit ist die Interpretation weniger oft gespielter Songs des <a class=\"read-more\" href=\"https:\/\/erik-leuthaeuser.de\/?page_id=36\">[&hellip;]<\/a><\/p>\n","protected":false},"author":2,"featured_media":0,"parent":0,"menu_order":3,"comment_status":"closed","ping_status":"closed","template":"","meta":{"footnotes":""},"class_list":["post-36","page","type-page","status-publish","hentry"],"_links":{"self":[{"href":"https:\/\/erik-leuthaeuser.de\/index.php?rest_route=\/wp\/v2\/pages\/36","targetHints":{"allow":["GET"]}}],"collection":[{"href":"https:\/\/erik-leuthaeuser.de\/index.php?rest_route=\/wp\/v2\/pages"}],"about":[{"href":"https:\/\/erik-leuthaeuser.de\/index.php?rest_route=\/wp\/v2\/types\/page"}],"author":[{"embeddable":true,"href":"https:\/\/erik-leuthaeuser.de\/index.php?rest_route=\/wp\/v2\/users\/2"}],"replies":[{"embeddable":true,"href":"https:\/\/erik-leuthaeuser.de\/index.php?rest_route=%2Fwp%2Fv2%2Fcomments&post=36"}],"version-history":[{"count":147,"href":"https:\/\/erik-leuthaeuser.de\/index.php?rest_route=\/wp\/v2\/pages\/36\/revisions"}],"predecessor-version":[{"id":3550,"href":"https:\/\/erik-leuthaeuser.de\/index.php?rest_route=\/wp\/v2\/pages\/36\/revisions\/3550"}],"wp:attachment":[{"href":"https:\/\/erik-leuthaeuser.de\/index.php?rest_route=%2Fwp%2Fv2%2Fmedia&parent=36"}],"curies":[{"name":"wp","href":"https:\/\/api.w.org\/{rel}","templated":true}]}}