{"id":23,"date":"2014-06-19T17:30:30","date_gmt":"2014-06-19T15:30:30","guid":{"rendered":"http:\/\/erik-leuthaeuser.de\/?page_id=23"},"modified":"2026-04-29T09:53:19","modified_gmt":"2026-04-29T08:53:19","slug":"termine","status":"publish","type":"page","link":"https:\/\/erik-leuthaeuser.de\/?page_id=23","title":{"rendered":"Live"},"content":{"rendered":"<h3 style=\"text-align: left;\"><span style=\"color: #000000;\">Januar 2026<\/span><\/h3>\n<ul style=\"text-align: left;\">\n<li><span style=\"color: #000000;\">Januar 2026: Lehrauftrag f\u00fcr Vocal Jazz, Hochschule Osnabr\u00fcck<\/span><\/li>\n<li><span style=\"color: #000000;\">11.01.2026, 19:00 Uhr: &#8222;Billie Holiday&#8220;-Konzert Savoy Satellites, Wabe, Berlin<\/span><\/li>\n<li><span style=\"color: #000000;\">13.01.2026: Vocal Jazz Workshop f\u00fcr Studierende an Hochschule f\u00fcr Musik Dresden Carl Maria von Weber<\/span><\/li>\n<li><strong><span style=\"color: #000000;\">31.01.2026, 20:00 Uhr: Konzert \u201eSucht\u201c (Sofia Eftychidou\/bass, Julius Windisch\/piano+synth, Andi Haberl\/drums), Halle 424, Hamburg<\/span><\/strong><\/li>\n<\/ul>\n<h3 style=\"text-align: left;\"><span style=\"color: #000000;\">Februar 2026<\/span><\/h3>\n<ul style=\"text-align: left;\">\n<li><strong><span style=\"color: #000000;\">06.02.2026, 20:30 Uhr: Konzert+Live-Recording \u201eSucht\u201c (Duo mit Julius Windisch\/piano+synth), Sowieso, Berlin<\/span><\/strong><\/li>\n<li><strong><span style=\"color: #000000;\">07.02.2026, 21:00 Uhr: Konzert \u201eSucht\u201c (Sofia Eftychidou\/bass, Julius Windisch\/piano+synth, Andi Haberl\/drums), Jazzclub Villingen<\/span><\/strong><\/li>\n<li><span style=\"color: #000000;\">10.02.2026, 11:00 Uhr: &#8222;My funny Valentine&#8220; mit Diana Treder\/Tanz, Junges Nationaltheater Mannheim<\/span><\/li>\n<li><span style=\"color: #000000;\">11.02.2026, 11:00 Uhr: &#8222;My funny Valentine&#8220; mit Diana Treder\/Tanz, Junges Nationaltheater Mannheim<\/span><\/li>\n<li><span style=\"color: #000000;\">12.02.2026, 11:00 Uhr: &#8222;My funny Valentine&#8220; mit Diana Treder\/Tanz, Junges Nationaltheater Mannheim<\/span><\/li>\n<\/ul>\n<h3 style=\"text-align: left;\"><span style=\"color: #000000;\">M\u00e4rz 2026<\/span><\/h3>\n<ul>\n<li style=\"text-align: left;\"><span style=\"color: #000000;\">M\u00e4rz-Juni 2026: Lehrauftrag f\u00fcr Vocal Jazz, Hochschule Osnabr\u00fcck<\/span><\/li>\n<li style=\"text-align: left;\"><span style=\"color: #000000;\">07.03.2026, 16:00 Uhr: \u201eAus\/Gefuchst\u201c am Feld-Theater, Berlin<\/span><\/li>\n<li style=\"text-align: left;\"><span style=\"color: #000000;\">08.03.2026, 16:00 Uhr: \u201eAus\/Gefuchst\u201c am Feld-Theater, Berlin<\/span><\/li>\n<li style=\"text-align: left;\"><span style=\"color: #000000;\">09.03.2026, 10:00 Uhr: \u201eAus\/Gefuchst\u201c am Feld-Theater, Berlin<\/span><\/li>\n<li style=\"text-align: left;\"><span style=\"color: #000000;\">19.03.2026, 10:00 Uhr: \u201eAus\/Gefuchst\u201c am Feld-Theater, Berlin<\/span><\/li>\n<li style=\"text-align: left;\"><span style=\"color: #000000;\">20.03.2026, 10:00 Uhr: \u201eAus\/Gefuchst\u201c am Feld-Theater, Berlin<\/span><\/li>\n<li style=\"text-align: left;\"><span style=\"color: #000000;\">21.03.2026, 16:00 Uhr: \u201eAus\/Gefuchst\u201c am Feld-Theater, Berlin<\/span><\/li>\n<li style=\"text-align: left;\"><span style=\"color: #000000;\">30.03.2026: Jubil\u00e4umskonzert des S\u00e4chsischen Landesgymnasium f\u00fcr Musik Carl Maria von Weber, Kulturpalast, Dresden<\/span><\/li>\n<\/ul>\n<h3 style=\"text-align: left;\"><span style=\"color: #000000;\">April 2026<\/span><\/h3>\n<ul>\n<li style=\"text-align: left;\"><span style=\"color: #000000;\">M\u00e4rz-Juni 2026: Lehrauftrag f\u00fcr Vocal Jazz, Hochschule Osnabr\u00fcck<\/span><\/li>\n<li style=\"text-align: left;\"><strong><span style=\"color: #000000;\">02.04.2026: Konzert Butternote Jazz Caf\u00e9, Dhaka, Bangladesh<\/span><\/strong><\/li>\n<li style=\"text-align: left;\"><strong><span style=\"color: #000000;\">03.04.2026: Konzert Butternote Jazz Caf\u00e9, Dhaka, Bangladesh<\/span><\/strong><\/li>\n<li style=\"text-align: left;\"><strong><span style=\"color: #000000;\">04.04.2026: Konzert Butternote Jazz Caf\u00e9, Dhaka, Bangladesh<\/span><\/strong><\/li>\n<li style=\"text-align: left;\"><strong><span style=\"color: #000000;\">06.04.2026: Jam Session Butternote Jazz Caf\u00e9, Dhaka, Bangladesh<\/span><\/strong><\/li>\n<li style=\"text-align: left;\"><span style=\"color: #000000;\">23.04.2026-26.04.2026: Pr\u00e4senz auf \u201eJazzahead\u201c, Bremen<\/span><\/li>\n<li style=\"text-align: left;\"><span style=\"color: #000000;\">27. und 28.04.2026: Gastspiel &#8222;My funny Valentine&#8220; mit Diana Treder\/Tanz, Kiesel, Friedrichshafen<\/span><\/li>\n<\/ul>\n<h3 style=\"text-align: left;\"><span style=\"color: #000000;\">Mai 2026<\/span><\/h3>\n<ul style=\"text-align: left;\">\n<li><span style=\"color: #000000;\">M\u00e4rz-Juni 2026: Lehrauftrag f\u00fcr Vocal Jazz, Hochschule Osnabr\u00fcck<\/span><\/li>\n<li><span style=\"color: #000000;\"><strong>05.05.2026: Konzert \u201eSucht\u201c (Duo mit Julius Windisch\/piano+synth), Bar 9, Kreuzberg, Berlin<\/strong><\/span><\/li>\n<li><span style=\"color: #000000;\">06. bis 08.05.2026: Gastspiel &#8222;My funny Valentine&#8220; mit Diana Treder\/Tanz, Schlosskapelle bei den Schwetzinger SWR Festspielen<\/span><\/li>\n<li><span style=\"color: #000000;\">19.05.2026, 11:00 Uhr: &#8222;My funny Valentine&#8220; mit Diana Treder\/Tanz, Junges Nationaltheater Mannheim<\/span><\/li>\n<li><span style=\"color: #000000;\">20.05.2026, 11:00 Uhr: &#8222;My funny Valentine&#8220; mit Diana Treder\/Tanz, Junges Nationaltheater Mannheim<\/span><\/li>\n<li><span style=\"color: #000000;\">21.05.2026, 11:00 Uhr: &#8222;My funny Valentine&#8220; mit Diana Treder\/Tanz, Junges Nationaltheater Mannheim<\/span><\/li>\n<li><span style=\"color: #000000;\">27.05.2026: Konzert\/Session Opener, IfM Osnabr\u00fcck, FC-Geb\u00e4ude<\/span><\/li>\n<\/ul>\n<h3 style=\"text-align: left;\"><span style=\"color: #000000;\">Juni 2026<\/span><\/h3>\n<ul>\n<li style=\"text-align: left;\"><span style=\"color: #000000;\">M\u00e4rz-Juni 2026: Lehrauftrag f\u00fcr Vocal Jazz, Hochschule Osnabr\u00fcck<\/span><\/li>\n<li style=\"text-align: left;\"><span style=\"color: #000000;\"><strong>13.06.2026: Konzert \u201eSucht\u201c (Sofia Eftychidou\/bass, Julius Windisch\/piano+synth, Max Santner\/drums), Pasinger Fabrik, M\u00fcnchen<\/strong><\/span><\/li>\n<li style=\"text-align: left;\"><span style=\"color: #000000;\">19.06.2026: Konzert Holly Schlott&#8217;s Large Ensemble \u201eUnique\u201c, Jazzwoche Berlin<\/span><\/li>\n<li style=\"text-align: left;\"><span style=\"color: #000000;\">29.06.2026, 19:30 Uhr: Gast bei radio3 Listening Lounge, RBB<\/span><\/li>\n<\/ul>\n<h3 style=\"text-align: left;\"><span style=\"color: #000000;\">Juli 2026<\/span><\/h3>\n<ul>\n<li style=\"text-align: left;\"><span style=\"color: #000000;\"><strong>29.07.2026: Konzert \u201eSucht\u201c (Duo mit Julius Windisch\/piano+synth), tba, D\u00fcsseldorf<\/strong><\/span><\/li>\n<\/ul>\n<h3 style=\"text-align: left;\"><span style=\"color: #000000;\">August 2026<\/span><\/h3>\n<ul>\n<li style=\"text-align: left;\">\u00a0<\/li>\n<\/ul>\n<h3 style=\"text-align: left;\"><span style=\"color: #000000;\">September 2026<\/span><\/h3>\n<ul>\n<li style=\"text-align: left;\"><span style=\"color: #000000;\">September-Dezember 2026: Lehrauftrag f\u00fcr Vocal Jazz, Hochschule Osnabr\u00fcck<\/span><\/li>\n<li style=\"text-align: left;\"><span style=\"color: #000000;\">25.09.2026, 21:50 Uhr: Konzert Holly Schlott&#8217;s Large Ensemble \u201eUnique\u201c, European Jazz Conference, Sartory Saal, K\u00f6ln<\/span><\/li>\n<\/ul>\n<h3 style=\"text-align: left;\"><span style=\"color: #000000;\">Oktober 2026<\/span><\/h3>\n<ul>\n<li style=\"text-align: left;\"><span style=\"color: #000000;\">September-Dezember 2026: Lehrauftrag f\u00fcr Vocal Jazz, Hochschule Osnabr\u00fcck<\/span><\/li>\n<\/ul>\n<h3 style=\"text-align: left;\"><span style=\"color: #000000;\">November 2026<\/span><\/h3>\n<ul>\n<li style=\"text-align: left;\"><span style=\"color: #000000;\">September-Dezember 2026: Lehrauftrag f\u00fcr Vocal Jazz, Hochschule Osnabr\u00fcck<\/span><\/li>\n<li style=\"text-align: left;\"><span style=\"color: #000000;\">19.11.2026, 18:00 Uhr: 2 Songs Solo, Jubil\u00e4umskonzert der Musikschule im FEZ, K\u00f6penick, Berlin<\/span><\/li>\n<li style=\"text-align: left;\"><span style=\"color: #000000;\">21.11.2026: Songwriting-Workshop, Heinrich-Sch\u00fctz-Konservatorium, Dresden<\/span><\/li>\n<\/ul>\n<h3 style=\"text-align: left;\"><span style=\"color: #000000;\">Dezember 2026<\/span><\/h3>\n<ul>\n<li style=\"text-align: left;\"><span style=\"color: #000000;\">September-Dezember 2026: Lehrauftrag f\u00fcr Vocal Jazz, Hochschule Osnabr\u00fcck<\/span><\/li>\n<\/ul>\n\n\n<p><\/p>\n","protected":false},"excerpt":{"rendered":"<p>Januar 2026 Januar 2026: Lehrauftrag f\u00fcr Vocal Jazz, Hochschule Osnabr\u00fcck 11.01.2026, 19:00 Uhr: &#8222;Billie Holiday&#8220;-Konzert Savoy Satellites, Wabe, Berlin 13.01.2026: Vocal Jazz Workshop f\u00fcr Studierende an Hochschule f\u00fcr Musik Dresden Carl Maria von Weber 31.01.2026, 20:00 Uhr: Konzert \u201eSucht\u201c (Sofia Eftychidou\/bass, Julius Windisch\/piano+synth, Andi Haberl\/drums), Halle 424, Hamburg Februar 2026 06.02.2026, 20:30 Uhr: Konzert+Live-Recording \u201eSucht\u201c <a class=\"read-more\" href=\"https:\/\/erik-leuthaeuser.de\/?page_id=23\">[&hellip;]<\/a><\/p>\n","protected":false},"author":2,"featured_media":0,"parent":0,"menu_order":2,"comment_status":"closed","ping_status":"closed","template":"","meta":{"footnotes":""},"class_list":["post-23","page","type-page","status-publish","hentry"],"_links":{"self":[{"href":"https:\/\/erik-leuthaeuser.de\/index.php?rest_route=\/wp\/v2\/pages\/23","targetHints":{"allow":["GET"]}}],"collection":[{"href":"https:\/\/erik-leuthaeuser.de\/index.php?rest_route=\/wp\/v2\/pages"}],"about":[{"href":"https:\/\/erik-leuthaeuser.de\/index.php?rest_route=\/wp\/v2\/types\/page"}],"author":[{"embeddable":true,"href":"https:\/\/erik-leuthaeuser.de\/index.php?rest_route=\/wp\/v2\/users\/2"}],"replies":[{"embeddable":true,"href":"https:\/\/erik-leuthaeuser.de\/index.php?rest_route=%2Fwp%2Fv2%2Fcomments&post=23"}],"version-history":[{"count":575,"href":"https:\/\/erik-leuthaeuser.de\/index.php?rest_route=\/wp\/v2\/pages\/23\/revisions"}],"predecessor-version":[{"id":3645,"href":"https:\/\/erik-leuthaeuser.de\/index.php?rest_route=\/wp\/v2\/pages\/23\/revisions\/3645"}],"wp:attachment":[{"href":"https:\/\/erik-leuthaeuser.de\/index.php?rest_route=%2Fwp%2Fv2%2Fmedia&parent=23"}],"curies":[{"name":"wp","href":"https:\/\/api.w.org\/{rel}","templated":true}]}}